{"id":149,"date":"2019-06-28T17:48:59","date_gmt":"2019-06-28T17:48:59","guid":{"rendered":"https:\/\/tunipackdc.com\/?page_id=149"},"modified":"2019-07-08T19:34:27","modified_gmt":"2019-07-08T17:34:27","slug":"footer","status":"publish","type":"page","link":"https:\/\/tunipackdc.com\/es\/footer\/","title":{"rendered":"Footer"},"content":{"rendered":"<div data-vc-full-width=\"true\" data-vc-full-width-init=\"false\" class=\"vc_row wpb_row vc_row-fluid vc_custom_1562607267409 vc_row-has-fill vc_row-o-equal-height vc_row-o-content-top vc_row-flex\"><div class=\"wpb_column vc_column_container vc_col-sm-6\"><div class=\"vc_column-inner\"><div class=\"wpb_wrapper\">\n\t<div  class=\"wpb_single_image wpb_content_element vc_align_left\">\n\t\t\n\t\t<figure class=\"wpb_wrapper vc_figure\">\n\t\t\t<div class=\"vc_single_image-wrapper   vc_box_border_grey\"><img loading=\"lazy\" decoding=\"async\" width=\"398\" height=\"106\" src=\"https:\/\/tunipackdc.com\/wp-content\/uploads\/2019\/06\/Logo-Hermasa.png\" class=\"vc_single_image-img attachment-full\" alt=\"\" srcset=\"https:\/\/tunipackdc.com\/wp-content\/uploads\/2019\/06\/Logo-Hermasa.png 398w, https:\/\/tunipackdc.com\/wp-content\/uploads\/2019\/06\/Logo-Hermasa-300x80.png 300w\" sizes=\"(max-width: 398px) 100vw, 398px\" \/><\/div>\n\t\t<\/figure>\n\t<\/div>\n<\/div><\/div><\/div><div class=\"wpb_column vc_column_container vc_col-sm-6\"><div class=\"vc_column-inner\"><div class=\"wpb_wrapper\">\n\t<div class=\"wpb_text_column wpb_content_element \" >\n\t\t<div class=\"wpb_wrapper\">\n\t\t\t<p style=\"font-size: 20px;\">Tunipack DC es una marca de Hermasa, l\u00edder mundial en investigaci\u00f3n, fabricaci\u00f3n y venta de maquinaria para la fabricaci\u00f3n de conservas de pescado: at\u00fan, sardina, caballa, etc. Hermasa dise\u00f1a y construye toda su tecnolog\u00eda en su centro de investigaci\u00f3n y producci\u00f3n de Espa\u00f1a, desde donde exporta a m\u00e1s de 65 pa\u00edses.<\/p>\n\n\t\t<\/div>\n\t<\/div>\n<div  class=\"vc_wp_custommenu wpb_content_element\"><div class=\"widget widget_nav_menu\"><div class=\"menu-footer-container\"><ul id=\"menu-footer\" class=\"menu\"><li id=\"menu-item-295\" class=\"menu-item menu-item-type-post_type menu-item-object-page menu-item-295\"><a href=\"https:\/\/tunipackdc.com\/es\/tunipack-density-control\/\">As\u00ed es la Tunipack DC<\/a><\/li>\n<li id=\"menu-item-296\" class=\"menu-item menu-item-type-custom menu-item-object-custom menu-item-296\"><a href=\"\/tunipack-density-control\/#la-mejor-linea-del-mundo\">\u00bfC\u00f3mo completar la mejor l\u00ednea de at\u00fan del mundo?<\/a><\/li>\n<li id=\"menu-item-298\" class=\"menu-item menu-item-type-custom menu-item-object-custom menu-item-298\"><a href=\"\/tunipack-density-control\/#lider\">Hermasa, el l\u00edder del sector que cre\u00f3 la Tunipack<\/a><\/li>\n<li id=\"menu-item-300\" class=\"menu-item menu-item-type-custom menu-item-object-custom menu-item-300\"><a href=\"https:\/\/hermasa.com\/contacto\/\">Contacto<\/a><\/li>\n<\/ul><\/div><\/div><\/div>\n\t<div class=\"wpb_text_column wpb_content_element \" >\n\t\t<div class=\"wpb_wrapper\">\n\t\t\t<p style=\"font-size: 14px;\">\u00a9 2019 Hermasa, Hermasa Canning Technology, S.A. All Rights Reserved.<\/p>\n\n\t\t<\/div>\n\t<\/div>\n<\/div><\/div><\/div><\/div><div class=\"vc_row-full-width vc_clearfix\"><\/div>\n","protected":false},"excerpt":{"rendered":"Tunipack DC es una marca de Hermasa, l\u00edder mundial en investigaci\u00f3n, fabricaci\u00f3n y venta de maquinaria para la fabricaci\u00f3n de conservas de pescado: at\u00fan, sardina, caballa, etc. Hermasa dise\u00f1a y construye toda su tecnolog\u00eda en su centro de investigaci\u00f3n y producci\u00f3n de Espa\u00f1a, desde donde exporta a m\u00e1s de 65 pa\u00edses. As\u00ed es la Tunipack DC \u00bfC\u00f3mo completar la mejor l\u00ednea de at\u00fan del mundo? Hermasa, el l\u00edder del sector que cre\u00f3 la Tunipack Contacto \u00a9 2019 Hermasa, Hermasa Canning Technology, S.A. All Rights Reserved.","protected":false},"author":1,"featured_media":0,"parent":0,"menu_order":0,"comment_status":"closed","ping_status":"closed","template":"","meta":{"footnotes":""},"_links":{"self":[{"href":"https:\/\/tunipackdc.com\/es\/wp-json\/wp\/v2\/pages\/149"}],"collection":[{"href":"https:\/\/tunipackdc.com\/es\/wp-json\/wp\/v2\/pages"}],"about":[{"href":"https:\/\/tunipackdc.com\/es\/wp-json\/wp\/v2\/types\/page"}],"author":[{"embeddable":true,"href":"https:\/\/tunipackdc.com\/es\/wp-json\/wp\/v2\/users\/1"}],"replies":[{"embeddable":true,"href":"https:\/\/tunipackdc.com\/es\/wp-json\/wp\/v2\/comments?post=149"}],"version-history":[{"count":10,"href":"https:\/\/tunipackdc.com\/es\/wp-json\/wp\/v2\/pages\/149\/revisions"}],"predecessor-version":[{"id":304,"href":"https:\/\/tunipackdc.com\/es\/wp-json\/wp\/v2\/pages\/149\/revisions\/304"}],"wp:attachment":[{"href":"https:\/\/tunipackdc.com\/es\/wp-json\/wp\/v2\/media?parent=149"}],"curies":[{"name":"wp","href":"https:\/\/api.w.org\/{rel}","templated":true}]}}